{"id":1,"date":"2020-01-16T04:40:25","date_gmt":"2020-01-16T07:40:25","guid":{"rendered":"http:\/\/libersatvrni.societassaturni.org\/?p=1"},"modified":"2025-07-26T19:32:38","modified_gmt":"2025-07-26T22:32:38","slug":"introducao-2","status":"publish","type":"page","link":"https:\/\/libersatvrni.societassaturni.org\/index.php\/prefacio\/introducao-2\/","title":{"rendered":"Introdu\u00e7\u00e3o"},"content":{"rendered":"\n<p><strong>Liber Satvrni<\/strong> \u00e9 um Grimoire moderno e pr\u00e1tico.<br>Ele \u00e9 elaborado com tudo que pude encontrar sobre o <strong>Culto de Saturno<\/strong>.<br><br>Aqui est\u00e3o apenas informa\u00e7\u00f5es que recebi de primeira e de segunda m\u00e3o. Os exerc\u00edcio e pr\u00e1ticas foram extensivamente testados no per\u00edodo dos \u00faltimos 20 anos.<br>Se algo funcionou estar\u00e1 aqui, se n\u00e3o funcionou, n\u00e3o vale ser citado.<br><br>O <strong>Liber Satvrni<\/strong> estar\u00e1 sempre se renovando. Para que isso ocorra, contamos com a ajuda de cada um dos associados da <strong>SS<\/strong>.<br><br><\/p>\n\n\n\n<div class=\"wp-block-media-text alignwide has-media-on-the-right\"><div class=\"wp-block-media-text__content\">\n<p><strong>Liber Satvrni<\/strong> \u00e9 um Grimoire moderno e pr\u00e1tico.<br>Ele \u00e9 elaborado com tudo que eu pude encontrar sobre o <strong>Culto de Saturno<\/strong>.jjj<\/p>\n\n\n\n<p>Aqui est\u00e3o apenas informa\u00e7\u00f5es que recebi de primeira e de segunda m\u00e3o. Os exerc\u00edcio e pr\u00e1ticas foram extensivamente testados no per\u00edodo dos \u00faltimos 20 anos.<br>Se algo n\u00e3o funcionou, estar\u00e1 marcado.<br>O <strong>Liber Satvrni<\/strong> estar\u00e1 sempre se renovando. Para que isso ocorra, contamos com a ajuda de cada um dos associados da SS.\n\n<\/p>\n<\/div><figure class=\"wp-block-media-text__media\"><img loading=\"lazy\" decoding=\"async\" width=\"388\" height=\"714\" src=\"https:\/\/libersatvrni.societassaturni.org\/wp-content\/uploads\/2020\/01\/b120ba9b26e140b8ab7260a1216cf1f9.jpg\" alt=\"\" class=\"wp-image-33 size-full\" srcset=\"https:\/\/libersatvrni.societassaturni.org\/wp-content\/uploads\/2020\/01\/b120ba9b26e140b8ab7260a1216cf1f9.jpg 388w, https:\/\/libersatvrni.societassaturni.org\/wp-content\/uploads\/2020\/01\/b120ba9b26e140b8ab7260a1216cf1f9-163x300.jpg 163w, https:\/\/libersatvrni.societassaturni.org\/wp-content\/uploads\/2020\/01\/b120ba9b26e140b8ab7260a1216cf1f9-109x200.jpg 109w, https:\/\/libersatvrni.societassaturni.org\/wp-content\/uploads\/2020\/01\/b120ba9b26e140b8ab7260a1216cf1f9-326x600.jpg 326w\" sizes=\"auto, (max-width: 388px) 100vw, 388px\" \/><\/figure><\/div>\n\n\n\n<p>O Grimoire, inicialmente, possui 4 sess\u00f5es: <strong><em>Mitologia<\/em><\/strong>, <strong><em>Hist\u00f3ria<\/em><\/strong>, <strong>Teoria <\/strong>e <strong><em>Pr\u00e1tica<\/em><\/strong>. <br>Em cada uma delas um aspecto do estudo do Caminho Saturnino ser\u00e1 analisado.<br>Em <strong><em>Mitologia <\/em><\/strong>(Mythologia) conta&#8230;<br><strong><em>Hist\u00f3ria<\/em> <\/strong>(Historia) traz uma localiza\u00e7\u00e3o hist\u00f3rica, antropol\u00f3gica e evolutiva do Culto a Saturno<br>A <strong><em>Teoria <\/em><\/strong>(Doctrina) das pr\u00e1ticas realizadas na <strong>Societas Saturni<\/strong>, a <em><strong>Via Saturnae<\/strong><\/em>, \u00e9 explicada detalhadamente. N\u00e3o sendo um corpo fixo, mas sim, mut\u00e1vel de conhecimento, ser\u00e1 uma sess\u00e3o sempre em expans\u00e3o ou contra\u00e7\u00e3o. Visto ser est\u00e1 uma verdadeira \u00e1gua viva (aqua viventis)<br><strong>Pr\u00e1tica <\/strong>(Praxis) reune os rituais, ora\u00e7\u00f5es, pr\u00e1ticas e feiti\u00e7os relacionadas a Saturno e demais deuses, consideradas \u00fateis ao associado da <strong>SS<\/strong>.<\/p>\n\n\n\n<hr class=\"wp-block-separator has-alpha-channel-opacity\"\/>\n\n\n\n<blockquote class=\"wp-block-quote is-layout-flow wp-block-quote-is-layout-flow\">\n<pre class=\"wp-block-verse\">\u201cAo ensinar algo para algu\u00e9m, est\u00e1 em primeiro lugar ensinando para si mesmo\u201d<\/pre>\n<\/blockquote>\n\n\n\n<p>\u201cAo ensinar algo para algu\u00e9m, est\u00e1 em primeiro lugar ensinando para si mesmo\u201d<\/p>\n\n\n\n<p><\/p>\n","protected":false},"excerpt":{"rendered":"<p>Liber Satvrni \u00e9 um Grimoire moderno e pr\u00e1tico.Ele \u00e9 elaborado com tudo que pude encontrar sobre o Culto de Saturno. Aqui est\u00e3o apenas informa\u00e7\u00f5es que recebi de primeira e de segunda m\u00e3o. Os exerc\u00edcio e pr\u00e1ticas foram extensivamente testados no per\u00edodo dos \u00faltimos 20 anos.Se algo funcionou estar\u00e1 aqui, se &hellip;<\/p>\n","protected":false},"author":1,"featured_media":78,"parent":73,"menu_order":3,"comment_status":"closed","ping_status":"closed","template":"","meta":{"_monsterinsights_skip_tracking":false,"_monsterinsights_sitenote_active":false,"_monsterinsights_sitenote_note":"","_monsterinsights_sitenote_category":0,"footnotes":""},"class_list":["post-1","page","type-page","status-publish","has-post-thumbnail","hentry"],"jetpack_sharing_enabled":true,"_links":{"self":[{"href":"https:\/\/libersatvrni.societassaturni.org\/index.php\/wp-json\/wp\/v2\/pages\/1","targetHints":{"allow":["GET"]}}],"collection":[{"href":"https:\/\/libersatvrni.societassaturni.org\/index.php\/wp-json\/wp\/v2\/pages"}],"about":[{"href":"https:\/\/libersatvrni.societassaturni.org\/index.php\/wp-json\/wp\/v2\/types\/page"}],"author":[{"embeddable":true,"href":"https:\/\/libersatvrni.societassaturni.org\/index.php\/wp-json\/wp\/v2\/users\/1"}],"replies":[{"embeddable":true,"href":"https:\/\/libersatvrni.societassaturni.org\/index.php\/wp-json\/wp\/v2\/comments?post=1"}],"version-history":[{"count":9,"href":"https:\/\/libersatvrni.societassaturni.org\/index.php\/wp-json\/wp\/v2\/pages\/1\/revisions"}],"predecessor-version":[{"id":179,"href":"https:\/\/libersatvrni.societassaturni.org\/index.php\/wp-json\/wp\/v2\/pages\/1\/revisions\/179"}],"up":[{"embeddable":true,"href":"https:\/\/libersatvrni.societassaturni.org\/index.php\/wp-json\/wp\/v2\/pages\/73"}],"wp:featuredmedia":[{"embeddable":true,"href":"https:\/\/libersatvrni.societassaturni.org\/index.php\/wp-json\/wp\/v2\/media\/78"}],"wp:attachment":[{"href":"https:\/\/libersatvrni.societassaturni.org\/index.php\/wp-json\/wp\/v2\/media?parent=1"}],"curies":[{"name":"wp","href":"https:\/\/api.w.org\/{rel}","templated":true}]}}