{"id":148,"date":"2021-04-29T01:37:39","date_gmt":"2021-04-29T04:37:39","guid":{"rendered":"https:\/\/libersatvrni.societassaturni.org\/?page_id=148"},"modified":"2025-07-08T13:06:39","modified_gmt":"2025-07-08T16:06:39","slug":"todas-as-religioes-foram-construidas-sobre-as-mesmas-forcas","status":"publish","type":"page","link":"https:\/\/libersatvrni.societassaturni.org\/index.php\/teoria\/todas-as-religioes-foram-construidas-sobre-as-mesmas-forcas\/","title":{"rendered":"Todas as religi\u00f5es foram constru\u00eddas sobre as mesmas for\u00e7as"},"content":{"rendered":"\n<p>Vejam, todas as religi\u00f5es possuem uma base comum, fortemente enraizada no inconsciente coletivo.<br><br>Ao estudar e analisar pormenorizadamente a religi\u00e3o de cada povo, reduzimos as express\u00f5es de seus Deuses em torno de arqu\u00e9tipos bastantes definidos. <br><br>A astrologia era a ci\u00eancia que mais influenciava as antigas civiliza\u00e7\u00f5es. Em todas elas encontraremos o padr\u00e3o do 3, do 4, do 7 e do 12. Sempre haver\u00e1 Trindades relacionadas aos dom\u00ednios fora dos olhos humanos, quatro for\u00e7as representando as 4 cantos da terra, os 4 elementos&#8230;<br><br>Sempre haver\u00e1 7 for\u00e7as fortes relacionadas aos 7 planetas vis\u00edveis. <br><br>Sempre haver\u00e1 12 for\u00e7as relacionadas a roda estelar&#8230;<br><br>E existem provas de suas ramifica\u00e7\u00f5es em toda \u00c1frica, afinal, o Egito \u00e9 um reino africano e negociava e influenciava reinos menores. Salom\u00e3o tinha uma liga\u00e7\u00e3o forte com Et\u00edopes e com a Rainha de Sab\u00e1&#8230; <br><br>A Cabala Judaica foi sendo constru\u00edda pelos s\u00e1bios de Israel quando de suas viv\u00eancias entre as antigas civiliza\u00e7\u00f5es. Foram escravos na Babil\u00f4nia, foram dominados pelos Persas, pelos Maced\u00f4nicos, Gregos, Eg\u00edpcios, Romanos. Durante a idade m\u00e9dia tiveram contato com reinos crist\u00e3os, b\u00e1rbaros, mul\u00e7umanos&#8230;Os romanos faziam a sua famosa interpretatio, recebendo deuses de outras civiliza\u00e7\u00f5es como iguais aos seus, porque assim o eram.Cada Deus \u00e9 a express\u00e3o de um raio arquet\u00edpico divino, que \u00e9 o mesmo para toda a humanidade. Nessa individualiza\u00e7\u00e3o visa atender a necessidade espec\u00edfica de cada povo.Da mesma forma que na Cabala cada Sephiroth \u00e9 uma campo de atua\u00e7\u00e3o e cada for\u00e7a planet\u00e1ria \u00e9 a energia espec\u00edfica que atua neste campo, os deuses de cada povo s\u00e3o a forma como cada um capta essa energia e suas atua\u00e7\u00f5es.S\u00e9rio que n\u00e3o estranham isso?Sabiam que TODAS essas religi\u00f5es eram Monote\u00edstas em seu fundo ? Inclusive as religi\u00f5es africanas ?Sim eram, e os deuses criados eram vistos como express\u00f5es de suas caracter\u00edsticas.Sim, Odim n\u00e3o \u00e9 Zeus, nem Thor \u00e9 Ogum, por\u00e9m, ambos est\u00e3o encaixados dentro de um mesmo espectro arquet\u00edpico, o do guerreiro.Assim como Baldur, Jesus e Apollo, no arqu\u00e9tipo Solar&#8230;Diferentes, por\u00e9m partilham de uma mesma ess\u00eancia.<\/p>\n","protected":false},"excerpt":{"rendered":"<p>Vejam, todas as religi\u00f5es possuem uma base comum, fortemente enraizada no inconsciente coletivo. Ao estudar e analisar pormenorizadamente a religi\u00e3o de cada povo, reduzimos as express\u00f5es de seus Deuses em torno de arqu\u00e9tipos bastantes definidos. A astrologia era a ci\u00eancia que mais influenciava as antigas civiliza\u00e7\u00f5es. Em todas elas encontraremos &hellip;<\/p>\n","protected":false},"author":1,"featured_media":0,"parent":46,"menu_order":9,"comment_status":"closed","ping_status":"closed","template":"","meta":{"_monsterinsights_skip_tracking":false,"_monsterinsights_sitenote_active":false,"_monsterinsights_sitenote_note":"","_monsterinsights_sitenote_category":0,"footnotes":""},"class_list":["post-148","page","type-page","status-publish","hentry"],"jetpack_sharing_enabled":true,"_links":{"self":[{"href":"https:\/\/libersatvrni.societassaturni.org\/index.php\/wp-json\/wp\/v2\/pages\/148","targetHints":{"allow":["GET"]}}],"collection":[{"href":"https:\/\/libersatvrni.societassaturni.org\/index.php\/wp-json\/wp\/v2\/pages"}],"about":[{"href":"https:\/\/libersatvrni.societassaturni.org\/index.php\/wp-json\/wp\/v2\/types\/page"}],"author":[{"embeddable":true,"href":"https:\/\/libersatvrni.societassaturni.org\/index.php\/wp-json\/wp\/v2\/users\/1"}],"replies":[{"embeddable":true,"href":"https:\/\/libersatvrni.societassaturni.org\/index.php\/wp-json\/wp\/v2\/comments?post=148"}],"version-history":[{"count":2,"href":"https:\/\/libersatvrni.societassaturni.org\/index.php\/wp-json\/wp\/v2\/pages\/148\/revisions"}],"predecessor-version":[{"id":166,"href":"https:\/\/libersatvrni.societassaturni.org\/index.php\/wp-json\/wp\/v2\/pages\/148\/revisions\/166"}],"up":[{"embeddable":true,"href":"https:\/\/libersatvrni.societassaturni.org\/index.php\/wp-json\/wp\/v2\/pages\/46"}],"wp:attachment":[{"href":"https:\/\/libersatvrni.societassaturni.org\/index.php\/wp-json\/wp\/v2\/media?parent=148"}],"curies":[{"name":"wp","href":"https:\/\/api.w.org\/{rel}","templated":true}]}}