{"id":15,"date":"2020-01-16T05:19:28","date_gmt":"2020-01-16T08:19:28","guid":{"rendered":"http:\/\/libersatvrni.societassaturni.org\/?page_id=15"},"modified":"2020-01-17T16:19:12","modified_gmt":"2020-01-17T19:19:12","slug":"indice","status":"publish","type":"page","link":"https:\/\/libersatvrni.societassaturni.org\/index.php\/indice\/","title":{"rendered":"Index"},"content":{"rendered":"\n<ol class=\"wp-block-list\"><li><strong>Prooemium <\/strong>(Pref\u00e1cio)<\/li><li><strong>Praescriptio <\/strong>(Introdu\u00e7\u00e3o)<\/li><li><strong>Mythologia <\/strong>(Mitologia)<\/li><li><strong>Historia <\/strong>(Hist\u00f3ria)<\/li><li><strong>Theoria <\/strong>(Teoria)<\/li><li><strong>Usus<\/strong> ()<\/li><li><\/li><li>Bibliografia<\/li><\/ol>\n\n\n\n<p><\/p>\n","protected":false},"excerpt":{"rendered":"<p>Prooemium (Pref\u00e1cio) Praescriptio (Introdu\u00e7\u00e3o) Mythologia (Mitologia) Historia (Hist\u00f3ria) Theoria (Teoria) Usus () Bibliografia<\/p>\n","protected":false},"author":1,"featured_media":0,"parent":0,"menu_order":1,"comment_status":"closed","ping_status":"closed","template":"","meta":{"_monsterinsights_skip_tracking":false,"_monsterinsights_sitenote_active":false,"_monsterinsights_sitenote_note":"","_monsterinsights_sitenote_category":0,"footnotes":""},"class_list":["post-15","page","type-page","status-publish","hentry"],"jetpack_sharing_enabled":true,"_links":{"self":[{"href":"https:\/\/libersatvrni.societassaturni.org\/index.php\/wp-json\/wp\/v2\/pages\/15","targetHints":{"allow":["GET"]}}],"collection":[{"href":"https:\/\/libersatvrni.societassaturni.org\/index.php\/wp-json\/wp\/v2\/pages"}],"about":[{"href":"https:\/\/libersatvrni.societassaturni.org\/index.php\/wp-json\/wp\/v2\/types\/page"}],"author":[{"embeddable":true,"href":"https:\/\/libersatvrni.societassaturni.org\/index.php\/wp-json\/wp\/v2\/users\/1"}],"replies":[{"embeddable":true,"href":"https:\/\/libersatvrni.societassaturni.org\/index.php\/wp-json\/wp\/v2\/comments?post=15"}],"version-history":[{"count":8,"href":"https:\/\/libersatvrni.societassaturni.org\/index.php\/wp-json\/wp\/v2\/pages\/15\/revisions"}],"predecessor-version":[{"id":124,"href":"https:\/\/libersatvrni.societassaturni.org\/index.php\/wp-json\/wp\/v2\/pages\/15\/revisions\/124"}],"wp:attachment":[{"href":"https:\/\/libersatvrni.societassaturni.org\/index.php\/wp-json\/wp\/v2\/media?parent=15"}],"curies":[{"name":"wp","href":"https:\/\/api.w.org\/{rel}","templated":true}]}}