{"id":48,"date":"2020-01-16T14:10:54","date_gmt":"2020-01-16T17:10:54","guid":{"rendered":"http:\/\/libersatvrni.societassaturni.org\/?page_id=48"},"modified":"2020-01-18T13:25:41","modified_gmt":"2020-01-18T16:25:41","slug":"pratica","status":"publish","type":"page","link":"https:\/\/libersatvrni.societassaturni.org\/index.php\/pratica\/","title":{"rendered":"Praxi"},"content":{"rendered":"\n<p> J\u00e1 no tocante a pedagogia, a pr\u00e1xis define o processo no qual uma teoria ou habilidade, por exemplo, \u00e9 posta em pr\u00e1tica. Isso significa que, enquanto numa aula a li\u00e7\u00e3o \u00e9 apresentada apenas de forma intelectual, usando a pr\u00e1xis essa li\u00e7\u00e3o ou teoria \u00e9 posta \u00e0 prova, s\u00e3o testadas, experimentadas. Ligando conceitos com experi\u00eancias vividas. E, em seguida, s\u00e3o feitas reflex\u00f5es, anota\u00e7\u00f5es, entre outros. <\/p>\n\n\n\n<p>&#8220;O termo pr\u00e1xis prov\u00e9m de um termo\u00a0<a href=\"https:\/\/conceito.de\/grego\">grego<\/a>\u00a0e diz respeito \u00e0 pr\u00e1tica. Trata-se de um conceito que \u00e9 utilizado em oposi\u00e7\u00e3o ao de teoria. O termo costuma\u00a0<a href=\"https:\/\/conceito.de\/ser\">ser<\/a>\u00a0usado para fazer alus\u00e3o ao processo pelo qual uma teoria passa a fazer parte da experi\u00eancia vivida.<br>A praxis \u00e9 considerada uma etapa necess\u00e1ria na constru\u00e7\u00e3o de conhecimento v\u00e1lido. A teoria \u00e9 implementada nas aulas e foca-se na abstra\u00e7\u00e3o intelectual; a pr\u00e1xis, por sua vez, ocorre a partir do momento em que essas ideias s\u00e3o experimentadas no mundo f\u00edsico para continuar com uma contempla\u00e7\u00e3o reflexiva dos seus resultados.&#8221;<br> <a href=\"https:\/\/conceito.de\/praxis\">https:\/\/conceito.de\/praxis<\/a> <\/p>\n\n\n\n<p> A\u00a0pr\u00e1xis \u00e9 um tipo de atividade pr\u00e1tica pr\u00f3pria do\u00a0<a href=\"https:\/\/conceito.de\/homem\">homem<\/a>, simultaneamente objetiva e subjetiva, e que permite que o ser humano transforme a natureza e, por conseguinte, se transforme\/converta a si mesmo. <\/p>\n\n\n\n<p> o conceito de pr\u00e1xis compreende etapas de desconstru\u00e7\u00e3o e de reconstru\u00e7\u00e3o, <\/p>\n","protected":false},"excerpt":{"rendered":"<p>J\u00e1 no tocante a pedagogia, a pr\u00e1xis define o processo no qual uma teoria ou habilidade, por exemplo, \u00e9 posta em pr\u00e1tica. Isso significa que, enquanto numa aula a li\u00e7\u00e3o \u00e9 apresentada apenas de forma intelectual, usando a pr\u00e1xis essa li\u00e7\u00e3o ou teoria \u00e9 posta \u00e0 prova, s\u00e3o testadas, experimentadas. &hellip;<\/p>\n","protected":false},"author":1,"featured_media":0,"parent":0,"menu_order":10,"comment_status":"closed","ping_status":"closed","template":"","meta":{"_monsterinsights_skip_tracking":false,"_monsterinsights_sitenote_active":false,"_monsterinsights_sitenote_note":"","_monsterinsights_sitenote_category":0,"footnotes":""},"class_list":["post-48","page","type-page","status-publish","hentry"],"jetpack_sharing_enabled":true,"_links":{"self":[{"href":"https:\/\/libersatvrni.societassaturni.org\/index.php\/wp-json\/wp\/v2\/pages\/48","targetHints":{"allow":["GET"]}}],"collection":[{"href":"https:\/\/libersatvrni.societassaturni.org\/index.php\/wp-json\/wp\/v2\/pages"}],"about":[{"href":"https:\/\/libersatvrni.societassaturni.org\/index.php\/wp-json\/wp\/v2\/types\/page"}],"author":[{"embeddable":true,"href":"https:\/\/libersatvrni.societassaturni.org\/index.php\/wp-json\/wp\/v2\/users\/1"}],"replies":[{"embeddable":true,"href":"https:\/\/libersatvrni.societassaturni.org\/index.php\/wp-json\/wp\/v2\/comments?post=48"}],"version-history":[{"count":4,"href":"https:\/\/libersatvrni.societassaturni.org\/index.php\/wp-json\/wp\/v2\/pages\/48\/revisions"}],"predecessor-version":[{"id":126,"href":"https:\/\/libersatvrni.societassaturni.org\/index.php\/wp-json\/wp\/v2\/pages\/48\/revisions\/126"}],"wp:attachment":[{"href":"https:\/\/libersatvrni.societassaturni.org\/index.php\/wp-json\/wp\/v2\/media?parent=48"}],"curies":[{"name":"wp","href":"https:\/\/api.w.org\/{rel}","templated":true}]}}