{"id":66,"date":"2020-01-16T14:37:58","date_gmt":"2020-01-16T17:37:58","guid":{"rendered":"http:\/\/libersatvrni.societassaturni.org\/?page_id=66"},"modified":"2020-01-17T10:41:46","modified_gmt":"2020-01-17T13:41:46","slug":"introducao","status":"publish","type":"page","link":"https:\/\/libersatvrni.societassaturni.org\/index.php\/introducao\/","title":{"rendered":"Praescriptio"},"content":{"rendered":"\n<h2 class=\"wp-block-heading\"><em>Introdu\u00e7\u00e3o<\/em><\/h2>\n\n\n\n<p><strong>Liber Satvrni<\/strong> \u00e9 um <strong>Grimoire <\/strong>moderno e pr\u00e1tico.<br><br>Ele \u00e9 elaborado com tudo que eu pude encontrar sobre o <strong>Culto de Saturno<\/strong>. Extensivamente pesquisado entre os principais nomes da mitologia, da psicologia e do ocultismo. O que resultou em milhares de escritos e anota\u00e7\u00f5es que precisavam ser organizados num corpo coerente e pr\u00e1tico de conhecimento.<\/p>\n\n\n\n<div class=\"wp-block-media-text alignwide has-media-on-the-right\" style=\"grid-template-columns:auto 47%\"><figure class=\"wp-block-media-text__media\"><img loading=\"lazy\" decoding=\"async\" width=\"388\" height=\"714\" src=\"https:\/\/libersatvrni.societassaturni.org\/wp-content\/uploads\/2020\/01\/b120ba9b26e140b8ab7260a1216cf1f9.jpg\" alt=\"\" class=\"wp-image-33\" srcset=\"https:\/\/libersatvrni.societassaturni.org\/wp-content\/uploads\/2020\/01\/b120ba9b26e140b8ab7260a1216cf1f9.jpg 388w, https:\/\/libersatvrni.societassaturni.org\/wp-content\/uploads\/2020\/01\/b120ba9b26e140b8ab7260a1216cf1f9-163x300.jpg 163w, https:\/\/libersatvrni.societassaturni.org\/wp-content\/uploads\/2020\/01\/b120ba9b26e140b8ab7260a1216cf1f9-109x200.jpg 109w, https:\/\/libersatvrni.societassaturni.org\/wp-content\/uploads\/2020\/01\/b120ba9b26e140b8ab7260a1216cf1f9-326x600.jpg 326w\" sizes=\"auto, (max-width: 388px) 100vw, 388px\" \/><\/figure><div class=\"wp-block-media-text__content\">\n<p>Aqui est\u00e3o apenas informa\u00e7\u00f5es que li, ou que recebi de primeira e de segunda m\u00e3o. Os exerc\u00edcio e pr\u00e1ticas foram extensivamente testados no per\u00edodo dos \u00faltimos 20 anos.<br> Se algo n\u00e3o funcionou, n\u00e3o estar\u00e1 aqui, apesar de poder citar o acontecimento de forma a evitar que o estudante perca seu tempo. <br> Se uma determinada opera\u00e7\u00e3o foi realmente perigosa, ela estar\u00e1 marcada, de forma a guiar por um caminho seguro.  <br>Nos casos em que um sucesso magn\u00edfico foi alcan\u00e7ado, tentaremos desmembrar cada parte, objetivando sua reprodu\u00e7\u00e3o. <\/p>\n<\/div><\/div>\n\n\n\n<p>O <strong>Liber Satvrni<\/strong> estar\u00e1 sempre se renovando. Para que isso ocorra, contamos com a ajuda de cada um dos associados <strong><em>SS<\/em><\/strong>. <\/p>\n\n\n\n<p> O <em>Grimoire<\/em>, inicialmente, possui 4 sess\u00f5es: <strong><em>Mitologia<\/em><\/strong>, <strong><em>Hist\u00f3ria<\/em><\/strong>, <strong><em>Teoria <\/em><\/strong>e <strong><em>Pr\u00e1tica<\/em><\/strong>. <\/p>\n\n\n\n<p>Em cada uma delas um aspecto do estudo do Caminho Saturnino ser\u00e1 analisado.<br>Em <strong><em>Mitologia <\/em><\/strong>(Mythologia) conta&#8230;<br><strong><em>Hist\u00f3ria <\/em><\/strong>(Historia) traz uma localiza\u00e7\u00e3o hist\u00f3rica, antropol\u00f3gica e evolutiva do Culto a Saturno<br>A <strong><em>Teoria <\/em><\/strong>(Doctrina) das pr\u00e1ticas realizadas na <strong><em>Societas Saturni<\/em><\/strong>, a <em><strong>Via Saturnae<\/strong><\/em>, \u00e9 explicada detalhadamente. N\u00e3o sendo um corpo fixo, mas sim, mut\u00e1vel de conhecimento, ser\u00e1 uma sess\u00e3o sempre em expans\u00e3o ou contra\u00e7\u00e3o. Visto ser est\u00e1 uma verdadeira \u00e1gua viva (aqua viventis)<br><strong><em>Pr\u00e1tica <\/em><\/strong>(Praxis) reune os rituais, ora\u00e7\u00f5es, pr\u00e1ticas e feiti\u00e7os relacionadas a Saturno e demais deuses, consideradas \u00fateis ao associado da <strong>SS<\/strong>. <\/p>\n","protected":false},"excerpt":{"rendered":"<p>Introdu\u00e7\u00e3o Liber Satvrni \u00e9 um Grimoire moderno e pr\u00e1tico. Ele \u00e9 elaborado com tudo que eu pude encontrar sobre o Culto de Saturno. Extensivamente pesquisado entre os principais nomes da mitologia, da psicologia e do ocultismo. O que resultou em milhares de escritos e anota\u00e7\u00f5es que precisavam ser organizados num &hellip;<\/p>\n","protected":false},"author":1,"featured_media":0,"parent":0,"menu_order":4,"comment_status":"closed","ping_status":"closed","template":"","meta":{"_monsterinsights_skip_tracking":false,"_monsterinsights_sitenote_active":false,"_monsterinsights_sitenote_note":"","_monsterinsights_sitenote_category":0,"footnotes":""},"class_list":["post-66","page","type-page","status-publish","hentry"],"jetpack_sharing_enabled":true,"_links":{"self":[{"href":"https:\/\/libersatvrni.societassaturni.org\/index.php\/wp-json\/wp\/v2\/pages\/66","targetHints":{"allow":["GET"]}}],"collection":[{"href":"https:\/\/libersatvrni.societassaturni.org\/index.php\/wp-json\/wp\/v2\/pages"}],"about":[{"href":"https:\/\/libersatvrni.societassaturni.org\/index.php\/wp-json\/wp\/v2\/types\/page"}],"author":[{"embeddable":true,"href":"https:\/\/libersatvrni.societassaturni.org\/index.php\/wp-json\/wp\/v2\/users\/1"}],"replies":[{"embeddable":true,"href":"https:\/\/libersatvrni.societassaturni.org\/index.php\/wp-json\/wp\/v2\/comments?post=66"}],"version-history":[{"count":13,"href":"https:\/\/libersatvrni.societassaturni.org\/index.php\/wp-json\/wp\/v2\/pages\/66\/revisions"}],"predecessor-version":[{"id":96,"href":"https:\/\/libersatvrni.societassaturni.org\/index.php\/wp-json\/wp\/v2\/pages\/66\/revisions\/96"}],"wp:attachment":[{"href":"https:\/\/libersatvrni.societassaturni.org\/index.php\/wp-json\/wp\/v2\/media?parent=66"}],"curies":[{"name":"wp","href":"https:\/\/api.w.org\/{rel}","templated":true}]}}